{"id":2115,"date":"2023-06-13T06:48:17","date_gmt":"2023-06-13T06:48:17","guid":{"rendered":"https:\/\/staging.schatzalp.ch\/?page_id=2115"},"modified":"2023-06-13T06:58:07","modified_gmt":"2023-06-13T06:58:07","slug":"privacy-policy-2","status":"publish","type":"page","link":"https:\/\/www.schatzalp.ch\/en\/disclaimer","title":{"rendered":"Disclaimer"},"content":{"rendered":"\t\t<div data-elementor-type=\"wp-page\" data-elementor-id=\"2115\" class=\"elementor elementor-2115\" data-elementor-post-type=\"page\">\n\t\t\t\t\t\t<section class=\"elementor-section elementor-top-section elementor-element elementor-element-7f80fa4 elementor-section-boxed elementor-section-height-default elementor-section-height-default\" data-id=\"7f80fa4\" data-element_type=\"section\" data-e-type=\"section\">\n\t\t\t\t\t\t<div class=\"elementor-container elementor-column-gap-default\">\n\t\t\t\t\t<div class=\"elementor-column elementor-col-100 elementor-top-column elementor-element elementor-element-ae09b5a\" data-id=\"ae09b5a\" data-element_type=\"column\" data-e-type=\"column\">\n\t\t\t<div class=\"elementor-widget-wrap elementor-element-populated\">\n\t\t\t\t\t\t<div class=\"elementor-element elementor-element-8a318ad elementor-widget elementor-widget-heading\" data-id=\"8a318ad\" data-element_type=\"widget\" data-e-type=\"widget\" data-widget_type=\"heading.default\">\n\t\t\t\t<div class=\"elementor-widget-container\">\n\t\t\t\t\t<h4 class=\"elementor-heading-title elementor-size-default\">Disclaimer<\/h4>\t\t\t\t<\/div>\n\t\t\t\t<\/div>\n\t\t\t\t\t<\/div>\n\t\t<\/div>\n\t\t\t\t\t<\/div>\n\t\t<\/section>\n\t\t\t\t<section class=\"elementor-section elementor-top-section elementor-element elementor-element-426ace79 elementor-section-boxed elementor-section-height-default elementor-section-height-default\" data-id=\"426ace79\" data-element_type=\"section\" data-e-type=\"section\">\n\t\t\t\t\t\t<div class=\"elementor-container elementor-column-gap-default\">\n\t\t\t\t\t<div class=\"elementor-column elementor-col-100 elementor-top-column elementor-element elementor-element-1c6adf7\" data-id=\"1c6adf7\" data-element_type=\"column\" data-e-type=\"column\">\n\t\t\t<div class=\"elementor-widget-wrap elementor-element-populated\">\n\t\t\t\t\t\t<div class=\"elementor-element elementor-element-58f29524 elementor-widget elementor-widget-text-editor\" data-id=\"58f29524\" data-element_type=\"widget\" data-e-type=\"widget\" data-widget_type=\"text-editor.default\">\n\t\t\t\t<div class=\"elementor-widget-container\">\n\t\t\t\t\t\t\t\t\t\n<p><strong>Verantwortlich f\u00fcr den Inhalt der Seiten<br \/><\/strong>Berghotel Schatzalp AG<br \/>CH-7270 Davos Platz, Switzerland <br \/>+41 (0)81 415 51 51, info@schatzalp.ch, www.schatzalp.ch<\/p>\n<p><strong>Haftungsausschluss<br \/><\/strong>Der Autor \u00fcbernimmt keinerlei Gew\u00e4hr hinsichtlich der inhaltlichen Richtigkeit, Genauigkeit, Aktualit\u00e4t, Zuverl\u00e4ssigkeit und Vollst\u00e4ndigkeit der Informationen.<br \/>Haftungsanspr\u00fcche gegen den Autor wegen Sch\u00e4den materieller oder immaterieller Art, welche aus dem Zugriff oder der Nutzung bzw. Nichtnutzung der ver\u00f6ffentlichten Informationen, durch Missbrauch der Verbindung oder durch technische St\u00f6rungen entstanden sind, werden ausgeschlossen.<br \/>Alle Angebote sind unverbindlich. Der Autor beh\u00e4lt es sich ausdr\u00fccklich vor, Teile der Seiten oder das gesamte Angebot ohne gesonderte Ank\u00fcndigung zu ver\u00e4ndern, zu erg\u00e4nzen, zu l\u00f6schen oder die Ver\u00f6ffentlichung zeitweise oder endg\u00fcltig einzustellen.<\/p>\n<p><strong>Haftung f\u00fcr Links<br \/><\/strong>Verweise und Links auf Webseiten Dritter liegen ausserhalb unseres Verantwortungsbereichs Es wird jegliche Verantwortung f\u00fcr solche Webseiten abgelehnt. Der Zugriff und die Nutzung solcher Webseiten erfolgen auf eigene Gefahr des Nutzers oder der Nutzerin.<\/p>\n<p><strong>Urheberrechte<br \/><\/strong>Die Urheber- und alle anderen Rechte an Inhalten, Bildern, Fotos oder anderen Dateien auf der Website geh\u00f6ren ausschliesslich der Firma Berghotel Schatzalp AG oder den speziell genannten Rechtsinhabern. F\u00fcr die Reproduktion jeglicher Elemente ist die schriftliche Zustimmung der Urheberrechtstr\u00e4ger im Voraus einzuholen. Sammeln und Verwenden von Benutzerinformationen.<br \/>Beim Zugriff auf unsere Website werden diverse Zugriffsdaten wie beispielsweise IP-Adresse, Datum und Uhrzeit des Zugriffes, Name der aufgerufenen Datei etc. gespeichert. Es finden keine personenbezogenen Auswertungen statt. Zu statistischen Zwecken werden Daten anonym ausgewertet, um festzustellen, wie viele t\u00e4gliche Zugriffe die Website verzeichnet. Diese Daten werden streng vertraulich behandelt und nicht weitergegeben oder Dritten zug\u00e4nglich gemacht.<\/p>\n<p><strong>Cookies<br \/><\/strong>Cookies sind kleine Datenelemente (Textdateien), die eine Website an Ihren Browser senden kann, um Sie bei datenbankgest\u00fctzten Systemen besser zu unterst\u00fctzen. Sie haben jedoch die M\u00f6glichkeit, Ihren Browser so einzustellen, dass er Sie davon in Kenntnis setzt, wenn Sie ein Cookie erhalten oder diese automatisch ablehnt. Somit k\u00f6nnen Sie selbst entscheiden, ob Sie das akzeptieren wollen oder nicht. Das Nichtakzeptieren eines Cookie bewirkt jedoch, dass die Funktionalit\u00e4t der Website unter Umst\u00e4nden eingeschr\u00e4nkt sein kann.<\/p>\n<p><strong>Konzept\/Design<br \/><\/strong>huwyler design<br \/>St. Peterstrasse 9<br \/>9500 Wil<br \/>info@huwyler.design<\/p>\n\t\t\t\t\t\t\t\t<\/div>\n\t\t\t\t<\/div>\n\t\t\t\t\t<\/div>\n\t\t<\/div>\n\t\t\t\t\t<\/div>\n\t\t<\/section>\n\t\t\t\t<\/div>\n\t\t","protected":false},"excerpt":{"rendered":"<p>Disclaimer Verantwortlich f\u00fcr den Inhalt der SeitenBerghotel Schatzalp AGCH-7270 Davos Platz, Switzerland +41 (0)81 415 51 51, info@schatzalp.ch, www.schatzalp.ch HaftungsausschlussDer Autor \u00fcbernimmt keinerlei Gew\u00e4hr hinsichtlich der inhaltlichen Richtigkeit, Genauigkeit, Aktualit\u00e4t, Zuverl\u00e4ssigkeit und Vollst\u00e4ndigkeit der Informationen.Haftungsanspr\u00fcche gegen den Autor wegen Sch\u00e4den &hellip; <a href=\"https:\/\/www.schatzalp.ch\/en\/disclaimer\">Read More<\/a><\/p>\n","protected":false},"author":1,"featured_media":0,"parent":0,"menu_order":0,"comment_status":"closed","ping_status":"open","template":"","meta":{"iawp_total_views":59,"footnotes":""},"class_list":["post-2115","page","type-page","status-publish","hentry"],"aioseo_notices":[],"_links":{"self":[{"href":"https:\/\/www.schatzalp.ch\/en\/wp-json\/wp\/v2\/pages\/2115","targetHints":{"allow":["GET"]}}],"collection":[{"href":"https:\/\/www.schatzalp.ch\/en\/wp-json\/wp\/v2\/pages"}],"about":[{"href":"https:\/\/www.schatzalp.ch\/en\/wp-json\/wp\/v2\/types\/page"}],"author":[{"embeddable":true,"href":"https:\/\/www.schatzalp.ch\/en\/wp-json\/wp\/v2\/users\/1"}],"replies":[{"embeddable":true,"href":"https:\/\/www.schatzalp.ch\/en\/wp-json\/wp\/v2\/comments?post=2115"}],"version-history":[{"count":7,"href":"https:\/\/www.schatzalp.ch\/en\/wp-json\/wp\/v2\/pages\/2115\/revisions"}],"predecessor-version":[{"id":2123,"href":"https:\/\/www.schatzalp.ch\/en\/wp-json\/wp\/v2\/pages\/2115\/revisions\/2123"}],"wp:attachment":[{"href":"https:\/\/www.schatzalp.ch\/en\/wp-json\/wp\/v2\/media?parent=2115"}],"curies":[{"name":"wp","href":"https:\/\/api.w.org\/{rel}","templated":true}]}}